{"id":5178,"date":"2025-04-20T22:44:49","date_gmt":"2025-04-21T01:44:49","guid":{"rendered":"https:\/\/brammotors.cl\/?post_type=product&#038;p=5178"},"modified":"2025-04-20T22:45:07","modified_gmt":"2025-04-21T01:45:07","slug":"aceite-de-moto-10w-60-4t-liqui-moly-synth-street-race-cont-1lt","status":"publish","type":"product","link":"https:\/\/brammotors.cl\/es\/product\/aceite-de-moto-10w-60-4t-liqui-moly-synth-street-race-cont-1lt\/","title":{"rendered":"ACEITE DE MOTO 10W-60 4T LIQUI MOLY SYNTH STREET RACE CONT 1LT."},"content":{"rendered":"<div class=\"productDescription\">\n<section class=\"product-box\">\n<div class=\"v2-container\">\n<div class=\"product-box__wrapper\">\n<div class=\"product-box__wrapper__content\">\n<div class=\"product-description-2\">\n<div id=\"myTabContent\" class=\"tab-content\">\n<div id=\"profile\" class=\"tab-pane fade show active\" role=\"tabpanel\" aria-labelledby=\"profile-tab\">\n<div class=\"productDescription\">\n<section class=\"product-box\">\n<div class=\"v2-container\">\n<div class=\"product-box__wrapper\">\n<div class=\"product-box__wrapper__content\">\n<div class=\"product-description-2\">\n<div id=\"myTabContent\" class=\"tab-content\">\n<div id=\"profile\" class=\"tab-pane fade show active\" role=\"tabpanel\" aria-labelledby=\"profile-tab\">\n<div class=\"productDescription\">\n<p class=\"p1\">Aceite de motor sint\u00e9tico de alto rendimiento. M\u00e1xima potencia y protecci\u00f3n del motor en todas las condiciones de servicio. Garantiza una lubricaci\u00f3n \u00f3ptima, una excelente limpieza del motor, magn\u00edficos valores de fricci\u00f3n y un desgaste m\u00ednimo, as\u00ed como procesos suaves de embrague, desembrague y cambio de marchas. Todo ello tiene como resultado un mayor placer de conducci\u00f3n. Sometido a prueba en catalizadores. Sometido a prueba en circuitos.<\/p>\n<p class=\"p1\"><b>Uso<\/b>Motor<\/p>\n<p class=\"p1\"><b>Grado <\/b>10W60<\/p>\n<p class=\"p1\"><b>Producto Para <\/b>Moto<\/p>\n<p class=\"p1\"><b>Aplicaci\u00f3n<\/b><\/p>\n<p class=\"p1\">Desarrollado para motores de 4 tiempos con refrigeraci\u00f3n de aire y agua sometidos a condiciones de servicio entre normales y extremas. Para conducci\u00f3n deportiva. Apto para motores con y sin embrague en ba\u00f1o de aceite.<\/p>\n<\/div>\n<\/div>\n<\/div>\n<\/div>\n<\/div>\n<\/div>\n<\/div>\n<\/section>\n<\/div>\n<\/div>\n<\/div>\n<\/div>\n<\/div>\n<\/div>\n<\/div>\n<\/section>\n<\/div>","protected":false},"excerpt":{"rendered":"<p>Aceite de motor sint\u00e9tico de alto rendimiento. M\u00e1xima potencia y protecci\u00f3n del motor en todas las condiciones de servicio. Garantiza una lubricaci\u00f3n \u00f3ptima, una excelente limpieza del motor, magn\u00edficos valores de fricci\u00f3n y un desgaste m\u00ednimo, as\u00ed como procesos suaves de embrague, desembrague y cambio de marchas. Todo ello tiene como resultado un mayor placer [&hellip;]<\/p>\n","protected":false},"featured_media":5198,"comment_status":"open","ping_status":"closed","template":"","meta":{"_acf_changed":false},"product_brand":[],"product_cat":[394,381],"product_tag":[],"class_list":{"0":"post-5178","1":"product","2":"type-product","3":"status-publish","4":"has-post-thumbnail","6":"product_cat-aceites-lubricantes","7":"product_cat-aceites-de-motor","9":"first","10":"instock","11":"taxable","12":"shipping-taxable","13":"purchasable","14":"product-type-simple"},"acf":[],"_links":{"self":[{"href":"https:\/\/brammotors.cl\/es\/wp-json\/wp\/v2\/product\/5178","targetHints":{"allow":["GET"]}}],"collection":[{"href":"https:\/\/brammotors.cl\/es\/wp-json\/wp\/v2\/product"}],"about":[{"href":"https:\/\/brammotors.cl\/es\/wp-json\/wp\/v2\/types\/product"}],"replies":[{"embeddable":true,"href":"https:\/\/brammotors.cl\/es\/wp-json\/wp\/v2\/comments?post=5178"}],"wp:featuredmedia":[{"embeddable":true,"href":"https:\/\/brammotors.cl\/es\/wp-json\/wp\/v2\/media\/5198"}],"wp:attachment":[{"href":"https:\/\/brammotors.cl\/es\/wp-json\/wp\/v2\/media?parent=5178"}],"wp:term":[{"taxonomy":"product_brand","embeddable":true,"href":"https:\/\/brammotors.cl\/es\/wp-json\/wp\/v2\/product_brand?post=5178"},{"taxonomy":"product_cat","embeddable":true,"href":"https:\/\/brammotors.cl\/es\/wp-json\/wp\/v2\/product_cat?post=5178"},{"taxonomy":"product_tag","embeddable":true,"href":"https:\/\/brammotors.cl\/es\/wp-json\/wp\/v2\/product_tag?post=5178"}],"curies":[{"name":"wp","href":"https:\/\/api.w.org\/{rel}","templated":true}]}}