{"id":5183,"date":"2025-04-20T22:44:50","date_gmt":"2025-04-21T01:44:50","guid":{"rendered":"https:\/\/brammotors.cl\/?post_type=product&#038;p=5183"},"modified":"2025-04-20T22:45:24","modified_gmt":"2025-04-21T01:45:24","slug":"fork-oil-15w-heavy-liqui-moly-cont-1lt","status":"publish","type":"product","link":"https:\/\/brammotors.cl\/es\/product\/fork-oil-15w-heavy-liqui-moly-cont-1lt\/","title":{"rendered":"FORK OIL 15W HEAVY LIQUI MOLY CONT. 1LT."},"content":{"rendered":"<div class=\"productDescription\">\n<section class=\"product-box\">\n<div class=\"v2-container\">\n<div class=\"product-box__wrapper\">\n<div class=\"product-box__wrapper__content\">\n<div class=\"product-description-2\">\n<div id=\"myTabContent\" class=\"tab-content\">\n<div id=\"profile\" class=\"tab-pane fade show active\" role=\"tabpanel\" aria-labelledby=\"profile-tab\">\n<div class=\"productDescription\">\n<section class=\"product-box\">\n<div class=\"v2-container\">\n<div class=\"product-box__wrapper\">\n<div class=\"product-box__wrapper__content\">\n<div class=\"product-description-2\">\n<div id=\"myTabContent\" class=\"tab-content\">\n<div id=\"profile\" class=\"tab-pane fade show active\" role=\"tabpanel\" aria-labelledby=\"profile-tab\">\n<div class=\"productDescription\">\n<p class=\"p1\">Aceite sint\u00e9tico para horquillas y amortiguadores. Reduce la p\u00e9rdida de viscosidad por cizallamiento y proporciona propiedades de marcha seguras incluso tras un uso prolongado. Evita que se forme espuma y que las juntas se endurezcan. Una buena protecci\u00f3n contra la corrosi\u00f3n y el desgaste proporcionan una larga vida \u00fatil.<\/p>\n<p class=\"p1\"><b>Uso <\/b>Horquilla<\/p>\n<p class=\"p1\"><b>Grado <\/b>15W<\/p>\n<p class=\"p1\"><b>Producto Para <\/b>Moto<\/p>\n<p class=\"p1\"><b>Aplicaci\u00f3n<\/b><\/p>\n<p class=\"p1\">De uso universal en horquillas telesc\u00f3picas y amortiguadores de motocicletas, ciclomotores, motociclos y otros veh\u00edculos de dos ruedas. Se han de cumplir las indicaciones del fabricante de la horquilla telesc\u00f3pica, de los amortiguadores y de la motocicleta.<\/p>\n<\/div>\n<\/div>\n<\/div>\n<\/div>\n<\/div>\n<\/div>\n<\/div>\n<\/section>\n<\/div>\n<\/div>\n<\/div>\n<\/div>\n<\/div>\n<\/div>\n<\/div>\n<\/section>\n<\/div>","protected":false},"excerpt":{"rendered":"<p>Aceite sint\u00e9tico para horquillas y amortiguadores. Reduce la p\u00e9rdida de viscosidad por cizallamiento y proporciona propiedades de marcha seguras incluso tras un uso prolongado. Evita que se forme espuma y que las juntas se endurezcan. Una buena protecci\u00f3n contra la corrosi\u00f3n y el desgaste proporcionan una larga vida \u00fatil. Uso Horquilla Grado 15W Producto Para [&hellip;]<\/p>\n","protected":false},"featured_media":5203,"comment_status":"open","ping_status":"closed","template":"","meta":{"_acf_changed":false},"product_brand":[],"product_cat":[394,381],"product_tag":[],"class_list":{"0":"post-5183","1":"product","2":"type-product","3":"status-publish","4":"has-post-thumbnail","6":"product_cat-aceites-lubricantes","7":"product_cat-aceites-de-motor","9":"first","10":"instock","11":"taxable","12":"shipping-taxable","13":"purchasable","14":"product-type-simple"},"acf":[],"_links":{"self":[{"href":"https:\/\/brammotors.cl\/es\/wp-json\/wp\/v2\/product\/5183","targetHints":{"allow":["GET"]}}],"collection":[{"href":"https:\/\/brammotors.cl\/es\/wp-json\/wp\/v2\/product"}],"about":[{"href":"https:\/\/brammotors.cl\/es\/wp-json\/wp\/v2\/types\/product"}],"replies":[{"embeddable":true,"href":"https:\/\/brammotors.cl\/es\/wp-json\/wp\/v2\/comments?post=5183"}],"wp:featuredmedia":[{"embeddable":true,"href":"https:\/\/brammotors.cl\/es\/wp-json\/wp\/v2\/media\/5203"}],"wp:attachment":[{"href":"https:\/\/brammotors.cl\/es\/wp-json\/wp\/v2\/media?parent=5183"}],"wp:term":[{"taxonomy":"product_brand","embeddable":true,"href":"https:\/\/brammotors.cl\/es\/wp-json\/wp\/v2\/product_brand?post=5183"},{"taxonomy":"product_cat","embeddable":true,"href":"https:\/\/brammotors.cl\/es\/wp-json\/wp\/v2\/product_cat?post=5183"},{"taxonomy":"product_tag","embeddable":true,"href":"https:\/\/brammotors.cl\/es\/wp-json\/wp\/v2\/product_tag?post=5183"}],"curies":[{"name":"wp","href":"https:\/\/api.w.org\/{rel}","templated":true}]}}