{"id":5185,"date":"2025-04-20T22:44:50","date_gmt":"2025-04-21T01:44:50","guid":{"rendered":"https:\/\/brammotors.cl\/?post_type=product&#038;p=5185"},"modified":"2025-04-20T22:45:30","modified_gmt":"2025-04-21T01:45:30","slug":"coolant-ready-mix-raf12-liqui-moly-cont-1lt","status":"publish","type":"product","link":"https:\/\/brammotors.cl\/es\/product\/coolant-ready-mix-raf12-liqui-moly-cont-1lt\/","title":{"rendered":"COOLANT READY MIX RAF12+ LIQUI MOLY CONT. 1LT."},"content":{"rendered":"<p class=\"p1\">Mezcla lista para usar a base de etilenglicol con un paquete complejo de inhibidores (tecnolog\u00eda OAT) especialmente desarrollada para motores de aluminio de alto rendimiento modernos. El producto no contiene aminas, nitritos, fosfatos ni silicatos y ofrece una excelente protecci\u00f3n contra la congelaci\u00f3n, el \u00f3xido y el sobrecalentamiento. As\u00ed, proporciona un funcionamiento seguro del veh\u00edculo durante todo el a\u00f1o.<\/p>\n<p class=\"p1\"><b>Uso <\/b>Radiador, Taller<\/p>\n<p class=\"p1\"><b>Familia <\/b>Veh\u00edculos Comerciales<\/p>\n<p class=\"p1\"><b>Producto Para <\/b>Autom\u00f3vil &#8211; Veh\u00edculo Comercial, Moto<\/p>","protected":false},"excerpt":{"rendered":"<p>Mezcla lista para usar a base de etilenglicol con un paquete complejo de inhibidores (tecnolog\u00eda OAT) especialmente desarrollada para motores de aluminio de alto rendimiento modernos. El producto no contiene aminas, nitritos, fosfatos ni silicatos y ofrece una excelente protecci\u00f3n contra la congelaci\u00f3n, el \u00f3xido y el sobrecalentamiento. As\u00ed, proporciona un funcionamiento seguro del veh\u00edculo [&hellip;]<\/p>\n","protected":false},"featured_media":5205,"comment_status":"open","ping_status":"closed","template":"","meta":{"_acf_changed":false},"product_brand":[],"product_cat":[394,381],"product_tag":[],"class_list":{"0":"post-5185","1":"product","2":"type-product","3":"status-publish","4":"has-post-thumbnail","6":"product_cat-aceites-lubricantes","7":"product_cat-aceites-de-motor","9":"first","10":"instock","11":"taxable","12":"shipping-taxable","13":"purchasable","14":"product-type-simple"},"acf":[],"_links":{"self":[{"href":"https:\/\/brammotors.cl\/es\/wp-json\/wp\/v2\/product\/5185","targetHints":{"allow":["GET"]}}],"collection":[{"href":"https:\/\/brammotors.cl\/es\/wp-json\/wp\/v2\/product"}],"about":[{"href":"https:\/\/brammotors.cl\/es\/wp-json\/wp\/v2\/types\/product"}],"replies":[{"embeddable":true,"href":"https:\/\/brammotors.cl\/es\/wp-json\/wp\/v2\/comments?post=5185"}],"wp:featuredmedia":[{"embeddable":true,"href":"https:\/\/brammotors.cl\/es\/wp-json\/wp\/v2\/media\/5205"}],"wp:attachment":[{"href":"https:\/\/brammotors.cl\/es\/wp-json\/wp\/v2\/media?parent=5185"}],"wp:term":[{"taxonomy":"product_brand","embeddable":true,"href":"https:\/\/brammotors.cl\/es\/wp-json\/wp\/v2\/product_brand?post=5185"},{"taxonomy":"product_cat","embeddable":true,"href":"https:\/\/brammotors.cl\/es\/wp-json\/wp\/v2\/product_cat?post=5185"},{"taxonomy":"product_tag","embeddable":true,"href":"https:\/\/brammotors.cl\/es\/wp-json\/wp\/v2\/product_tag?post=5185"}],"curies":[{"name":"wp","href":"https:\/\/api.w.org\/{rel}","templated":true}]}}