{"id":5187,"date":"2025-04-20T22:44:50","date_gmt":"2025-04-21T01:44:50","guid":{"rendered":"https:\/\/brammotors.cl\/?post_type=product&#038;p=5187"},"modified":"2025-04-20T22:45:36","modified_gmt":"2025-04-21T01:45:36","slug":"chain-lube-liqui-moly-250ml","status":"publish","type":"product","link":"https:\/\/brammotors.cl\/es\/product\/chain-lube-liqui-moly-250ml\/","title":{"rendered":"Chain Lube liqui moly 250ml."},"content":{"rendered":"<p>Grasa sint\u00e9tica para cadenas muy adherente y resistente al agua. Con extraordinario efecto de fluencia y lubricante. Indicado especialmente para cadenas r\u00e1pidas. Disminuye el alargamiento de las cadenas y aumenta su vida \u00fatil. Con tecnolog\u00eda de \u00e9steres complejos. Eficacia \u00f3ptima solo en el uso sin mezclar.<\/p>\n<p>Propiedades<\/p>\n<p>&#8211; disminuye el alargamiento de cadenas &#8211; reduce la fricci\u00f3n y el desgaste<\/p>\n<p>&#8211; resistente a las fuerzas centr\u00edfugas<\/p>\n<p>&#8211; excelente capacidad adhesiva<\/p>\n<p>&#8211; excelente resistencia al agua fr\u00eda, al agua caliente y a las salpicaduras de agua<\/p>\n<p>&#8211; m\u00e1xima capacidad de absorci\u00f3n de presi\u00f3n &#8211; excelente capacidad de fluencia<\/p>\n<p>&#8211; excelente protecci\u00f3n anticorrosiva<\/p>\n<p>Para la lubricaci\u00f3n inicial y de mantenimiento de cadenas de transmisi\u00f3n de fuerza. Especialmente adecuado para ambientes con polvo, sucios y corrosivos. Para cadenas r\u00e1pidas sometidas a altas cargas con o sin sellado de juntas t\u00f3ricas o juntas Quad-Ring.<\/p>\n<p>Aplicaci\u00f3n<\/p>\n<p>Antes de la utilizaci\u00f3n recomendamos limpiar la cadena con Motorbike Limpiador de cadenas y frenos (n\u00b0 de art. 1602). A continuaci\u00f3n, rociar la cadena con Motorbike Chain Lube. Una vez se ha evaporado el disolvente, el lubricante adquiere su consistencia y adherencia definitivas.<\/p>\n<p>Envases disponibles<\/p>\n<p>250 ml Lata de aerosol 1508 D-GB-E<\/p>","protected":false},"excerpt":{"rendered":"<p>Grasa sint\u00e9tica para cadenas muy adherente y resistente al agua. Con extraordinario efecto de fluencia y lubricante. Indicado especialmente para cadenas r\u00e1pidas. Disminuye el alargamiento de las cadenas y aumenta su vida \u00fatil. Con tecnolog\u00eda de \u00e9steres complejos. Eficacia \u00f3ptima solo en el uso sin mezclar. Propiedades &#8211; disminuye el alargamiento de cadenas &#8211; reduce [&hellip;]<\/p>\n","protected":false},"featured_media":5206,"comment_status":"open","ping_status":"closed","template":"","meta":{"_acf_changed":false},"product_brand":[],"product_cat":[394,381],"product_tag":[],"class_list":{"0":"post-5187","1":"product","2":"type-product","3":"status-publish","4":"has-post-thumbnail","6":"product_cat-aceites-lubricantes","7":"product_cat-aceites-de-motor","9":"first","10":"instock","11":"taxable","12":"shipping-taxable","13":"purchasable","14":"product-type-simple"},"acf":[],"_links":{"self":[{"href":"https:\/\/brammotors.cl\/es\/wp-json\/wp\/v2\/product\/5187","targetHints":{"allow":["GET"]}}],"collection":[{"href":"https:\/\/brammotors.cl\/es\/wp-json\/wp\/v2\/product"}],"about":[{"href":"https:\/\/brammotors.cl\/es\/wp-json\/wp\/v2\/types\/product"}],"replies":[{"embeddable":true,"href":"https:\/\/brammotors.cl\/es\/wp-json\/wp\/v2\/comments?post=5187"}],"wp:featuredmedia":[{"embeddable":true,"href":"https:\/\/brammotors.cl\/es\/wp-json\/wp\/v2\/media\/5206"}],"wp:attachment":[{"href":"https:\/\/brammotors.cl\/es\/wp-json\/wp\/v2\/media?parent=5187"}],"wp:term":[{"taxonomy":"product_brand","embeddable":true,"href":"https:\/\/brammotors.cl\/es\/wp-json\/wp\/v2\/product_brand?post=5187"},{"taxonomy":"product_cat","embeddable":true,"href":"https:\/\/brammotors.cl\/es\/wp-json\/wp\/v2\/product_cat?post=5187"},{"taxonomy":"product_tag","embeddable":true,"href":"https:\/\/brammotors.cl\/es\/wp-json\/wp\/v2\/product_tag?post=5187"}],"curies":[{"name":"wp","href":"https:\/\/api.w.org\/{rel}","templated":true}]}}