{"id":5192,"date":"2025-04-20T22:44:50","date_gmt":"2025-04-21T01:44:50","guid":{"rendered":"https:\/\/brammotors.cl\/?post_type=product&#038;p=5192"},"modified":"2025-04-20T22:46:28","modified_gmt":"2025-04-21T01:46:28","slug":"lubricante-cadena-x-trem-chain-off-road-750-ml","status":"publish","type":"product","link":"https:\/\/brammotors.cl\/es\/product\/lubricante-cadena-x-trem-chain-off-road-750-ml\/","title":{"rendered":"LUBRICANTE CADENA X-TREM CHAIN OFF ROAD &#8211; 750 ML"},"content":{"rendered":"<div id=\"main-product-wrapper\" class=\"product-container\">\n<div class=\"tabs product-tabs\">\n<div id=\"product-infos-tabs-content\" class=\"tab-content\">\n<div id=\"description-short\" class=\"tab-pane in active\">\n<div id=\"product-description-short-2110\" class=\"rte-content\">\n<p><strong>POR QU\u00c9 TE VA A ENCANTAR?<\/strong><\/p>\n<p>Porque X-TREM CHAIN OFF-ROAD es LA grasa de cadena especialmente desarrollada para resistir las condiciones extremas del cross y el enduro.<\/p>\n<p>Resistente al agua, la arena, el barro, la tierra<\/p>\n<p>Formulaci\u00f3n antiadherente<\/p>\n<p>Cero salpicaduras<\/p>\n<p>Compatible con las juntas t\u00f3ricas<\/p>\n<p><strong>LA GRASA DE CADENA ESPECIAL TODOTERRENO<\/strong><\/p>\n<p>X-TREM CHAIN OFF-ROAD est\u00e1 especialmente dise\u00f1ada para las exigencias de las motos todoterreno (motocross, enduro, trial&#8230;). Esta grasa de cadena contiene una pel\u00edcula protectora que la hace totalmente resistente al agua y que impide que el barro, la arena y el polvo se incrusten entre los eslabones.<\/p>\n<p>No gotea y se adhiere muy r\u00e1pido a la cadena, lo que evita cualquier salpicadura sobre la llanta.<\/p>\n<p>Muy pr\u00e1ctica y f\u00e1cil de usar, el difusor multiposici\u00f3n permite pulverizar un chorro ancho gracias a su varilla plegable, fijada al espray, que se pliega y se despliega con un solo movimiento. \u00a1Se acabaron las varillas perdidas en el taller despu\u00e9s de solo 2 usos!<\/p>\n<p>Para las motos de carretera, utiliza X-TREM CHAIN ROAD.<\/p>\n<\/div>\n<\/div>\n<div id=\"product-details-tab\" class=\"tab-pane \">\n<div id=\"product-details\" class=\"clearfix\" style=\"box-sizing: border-box;\" data-product=\"{&quot;id_shop_default&quot;:&quot;1&quot;,&quot;id_manufacturer&quot;:&quot;64&quot;,&quot;id_supplier&quot;:&quot;0&quot;,&quot;reference&quot;:&quot;800648&quot;,&quot;is_virtual&quot;:&quot;0&quot;,&quot;delivery_in_stock&quot;:&quot;&quot;,&quot;delivery_out_stock&quot;:&quot;&quot;,&quot;id_category_default&quot;:&quot;14&quot;,&quot;on_sale&quot;:&quot;0&quot;,&quot;online_only&quot;:&quot;0&quot;,&quot;ecotax&quot;:0,&quot;minimal_quantity&quot;:&quot;1&quot;,&quot;low_stock_threshold&quot;:null,&quot;low_stock_alert&quot;:&quot;0&quot;,&quot;price&quot;:&quot;$22.790&quot;,&quot;unity&quot;:&quot;&quot;,&quot;unit_price_ratio&quot;:&quot;0.000000&quot;,&quot;additional_shipping_cost&quot;:&quot;0.000000&quot;,&quot;customizable&quot;:&quot;0&quot;,&quot;text_fields&quot;:&quot;0&quot;,&quot;uploadable_files&quot;:&quot;0&quot;,&quot;redirect_type&quot;:&quot;301-category&quot;,&quot;id_type_redirected&quot;:&quot;0&quot;,&quot;available_for_order&quot;:&quot;1&quot;,&quot;available_date&quot;:&quot;0000-00-00&quot;,&quot;show_condition&quot;:&quot;0&quot;,&quot;condition&quot;:&quot;new&quot;,&quot;show_price&quot;:&quot;1&quot;,&quot;indexed&quot;:&quot;1&quot;,&quot;visibility&quot;:&quot;both&quot;,&quot;cache_default_attribute&quot;:&quot;0&quot;,&quot;advanced_stock_management&quot;:&quot;0&quot;,&quot;date_add&quot;:&quot;2023-06-29 11:57:23&quot;,&quot;date_upd&quot;:&quot;2024-10-21 19:17:51&quot;,&quot;pack_stock_type&quot;:&quot;3&quot;,&quot;meta_description&quot;:&quot;&quot;,&quot;meta_keywords&quot;:&quot;&quot;,&quot;meta_title&quot;:&quot;LUBRICANTE  OFF ROAD CADENA MAXIMA CHAIN GUARD&quot;,&quot;link_rewrite&quot;:&quot;lubricante-cadena-ipone-x-trem-chain-off-road-750-ml&quot;,&quot;name&quot;:&quot;LUBRICANTE CADENA IPONE X-TREM CHAIN OFF ROAD - 750 ML&quot;,&quot;description&quot;:&quot;&quot;,&quot;description_short&quot;:&quot;&lt;p&gt;&lt;strong&gt;u00bfPOR QUu00c9 TE VA A ENCANTAR?&lt;\/strong&gt;&lt;\/p&gt;\\n&lt;p&gt;Porque X-TREM CHAIN OFF-ROAD es LA grasa de cadena especialmente desarrollada para resistir las condiciones extremas del cross y el enduro.&lt;\/p&gt;\\n&lt;p&gt;Resistente al agua, la arena, el barro, la tierra&lt;\/p&gt;\\n&lt;p&gt;Formulaciu00f3n antiadherente&lt;\/p&gt;\\n&lt;p&gt;Cero salpicaduras&lt;\/p&gt;\\n&lt;p&gt;Compatible con las juntas tu00f3ricas&lt;\/p&gt;\\n&lt;p&gt;&lt;strong&gt;LA GRASA DE CADENA ESPECIAL TODOTERRENO&lt;\/strong&gt;&lt;\/p&gt;\\n&lt;p&gt;X-TREM CHAIN OFF-ROAD estu00e1 especialmente diseu00f1ada para las exigencias de las motos todoterreno (motocross, enduro, trial...). Esta grasa de cadena contiene una pelu00edcula protectora que la hace totalmente resistente al agua y que impide que el barro, la arena y el polvo se incrusten entre los eslabones.&lt;\/p&gt;\\n&lt;p&gt;No gotea y se adhiere muy ru00e1pido a la cadena, lo que evita cualquier salpicadura sobre la llanta.&lt;\/p&gt;\\n&lt;p&gt;Muy pru00e1ctica y fu00e1cil de usar, el difusor multiposiciu00f3n permite pulverizar un chorro ancho gracias a su varilla plegable, fijada al espray, que se pliega y se despliega con un solo movimiento. u00a1Se acabaron las varillas perdidas en el taller despuu00e9s de solo 2 usos!&lt;\/p&gt;\\n&lt;p&gt;Para las motos de carretera, utiliza X-TREM CHAIN ROAD.&lt;\/p&gt;&quot;,&quot;available_now&quot;:&quot;&quot;,&quot;available_later&quot;:&quot;&quot;,&quot;id&quot;:2110,&quot;id_product&quot;:2110,&quot;out_of_stock&quot;:2,&quot;new&quot;:0,&quot;id_product_attribute&quot;:&quot;0&quot;,&quot;quantity_wanted&quot;:1,&quot;extraContent&quot;:[],&quot;allow_oosp&quot;:0,&quot;category&quot;:&quot;mantencion-cadena&quot;,&quot;category_name&quot;:&quot;Mantenciu00f3n Cadena&quot;,&quot;link&quot;:&quot;https:\/\/www.garageonline.cl\/mantencion-cadena\/2110-lubricante-cadena-ipone-x-trem-chain-off-road-750-ml.html&quot;,&quot;attribute_price&quot;:0,&quot;price_tax_exc&quot;:22790,&quot;price_without_reduction&quot;:22790,&quot;reduction&quot;:0,&quot;specific_prices&quot;:false,&quot;quantity&quot;:3,&quot;quantity_all_versions&quot;:3,&quot;id_image&quot;:&quot;es-default&quot;,&quot;features&quot;:[{&quot;name&quot;:&quot;Contenido Neto&quot;,&quot;value&quot;:&quot;750 ML&quot;,&quot;id_feature&quot;:&quot;9&quot;,&quot;position&quot;:&quot;2&quot;},{&quot;name&quot;:&quot;Procedencia&quot;,&quot;value&quot;:&quot;FRANCIA&quot;,&quot;id_feature&quot;:&quot;20&quot;,&quot;position&quot;:&quot;11&quot;},{&quot;name&quot;:&quot;Parte &quot;,&quot;value&quot;:&quot;Transmisiu00f3n Mantencion&quot;,&quot;id_feature&quot;:&quot;49&quot;,&quot;position&quot;:&quot;31&quot;},{&quot;name&quot;:&quot;Para uso&quot;,&quot;value&quot;:&quot;Enduro - Mx&quot;,&quot;id_feature&quot;:&quot;71&quot;,&quot;position&quot;:&quot;51&quot;},{&quot;name&quot;:&quot;Disponible para entrega&quot;,&quot;value&quot;:&quot;Inmediata&quot;,&quot;id_feature&quot;:&quot;132&quot;,&quot;position&quot;:&quot;108&quot;},{&quot;name&quot;:&quot;Familia mantenimiento cadena&quot;,&quot;value&quot;:&quot;Lubricante&quot;,&quot;id_feature&quot;:&quot;152&quot;,&quot;position&quot;:&quot;126&quot;},{&quot;name&quot;:&quot;Familia de mantenimiento&quot;,&quot;value&quot;:&quot;Spray&quot;,&quot;id_feature&quot;:&quot;153&quot;,&quot;position&quot;:&quot;127&quot;}],&quot;attachments&quot;:[],&quot;virtual&quot;:0,&quot;pack&quot;:0,&quot;packItems&quot;:[],&quot;nopackprice&quot;:0,&quot;customization_required&quot;:false,&quot;rate&quot;:0,&quot;tax_name&quot;:&quot;&quot;,&quot;ecotax_rate&quot;:0,&quot;unit_price&quot;:&quot;&quot;,&quot;customizations&quot;:{&quot;fields&quot;:[]},&quot;id_customization&quot;:0,&quot;is_customizable&quot;:false,&quot;show_quantities&quot;:true,&quot;quantity_label&quot;:&quot;Artu00edculos&quot;,&quot;quantity_discounts&quot;:[],&quot;customer_group_discount&quot;:0,&quot;images&quot;:[{&quot;bySize&quot;:{&quot;small_default&quot;:{&quot;url&quot;:&quot;https:\/\/www.garageonline.cl\/10880-small_default\/lubricante-cadena-ipone-x-trem-chain-off-road-750-ml.jpg&quot;,&quot;width&quot;:98,&quot;height&quot;:98},&quot;cart_default&quot;:{&quot;url&quot;:&quot;https:\/\/www.garageonline.cl\/10880-cart_default\/lubricante-cadena-ipone-x-trem-chain-off-road-750-ml.jpg&quot;,&quot;width&quot;:125,&quot;height&quot;:125},&quot;home_default&quot;:{&quot;url&quot;:&quot;https:\/\/www.garageonline.cl\/10880-home_default\/lubricante-cadena-ipone-x-trem-chain-off-road-750-ml.jpg&quot;,&quot;width&quot;:236,&quot;height&quot;:236},&quot;large_default&quot;:{&quot;url&quot;:&quot;https:\/\/www.garageonline.cl\/10880-large_default\/lubricante-cadena-ipone-x-trem-chain-off-road-750-ml.jpg&quot;,&quot;width&quot;:381,&quot;height&quot;:381},&quot;medium_default&quot;:{&quot;url&quot;:&quot;https:\/\/www.garageonline.cl\/10880-medium_default\/lubricante-cadena-ipone-x-trem-chain-off-road-750-ml.jpg&quot;,&quot;width&quot;:452,&quot;height&quot;:452},&quot;thickbox_default&quot;:{&quot;url&quot;:&quot;https:\/\/www.garageonline.cl\/10880-thickbox_default\/lubricante-cadena-ipone-x-trem-chain-off-road-750-ml.jpg&quot;,&quot;width&quot;:1100,&quot;height&quot;:1100}},&quot;small&quot;:{&quot;url&quot;:&quot;https:\/\/www.garageonline.cl\/10880-small_default\/lubricante-cadena-ipone-x-trem-chain-off-road-750-ml.jpg&quot;,&quot;width&quot;:98,&quot;height&quot;:98},&quot;medium&quot;:{&quot;url&quot;:&quot;https:\/\/www.garageonline.cl\/10880-large_default\/lubricante-cadena-ipone-x-trem-chain-off-road-750-ml.jpg&quot;,&quot;width&quot;:381,&quot;height&quot;:381},&quot;large&quot;:{&quot;url&quot;:&quot;https:\/\/www.garageonline.cl\/10880-thickbox_default\/lubricante-cadena-ipone-x-trem-chain-off-road-750-ml.jpg&quot;,&quot;width&quot;:1100,&quot;height&quot;:1100},&quot;legend&quot;:&quot;&quot;,&quot;cover&quot;:&quot;1&quot;,&quot;id_image&quot;:&quot;10880&quot;,&quot;position&quot;:&quot;1&quot;,&quot;associatedVariants&quot;:[]},{&quot;bySize&quot;:{&quot;small_default&quot;:{&quot;url&quot;:&quot;https:\/\/www.garageonline.cl\/10881-small_default\/lubricante-cadena-ipone-x-trem-chain-off-road-750-ml.jpg&quot;,&quot;width&quot;:98,&quot;height&quot;:98},&quot;cart_default&quot;:{&quot;url&quot;:&quot;https:\/\/www.garageonline.cl\/10881-cart_default\/lubricante-cadena-ipone-x-trem-chain-off-road-750-ml.jpg&quot;,&quot;width&quot;:125,&quot;height&quot;:125},&quot;home_default&quot;:{&quot;url&quot;:&quot;https:\/\/www.garageonline.cl\/10881-home_default\/lubricante-cadena-ipone-x-trem-chain-off-road-750-ml.jpg&quot;,&quot;width&quot;:236,&quot;height&quot;:236},&quot;large_default&quot;:{&quot;url&quot;:&quot;https:\/\/www.garageonline.cl\/10881-large_default\/lubricante-cadena-ipone-x-trem-chain-off-road-750-ml.jpg&quot;,&quot;width&quot;:381,&quot;height&quot;:381},&quot;medium_default&quot;:{&quot;url&quot;:&quot;https:\/\/www.garageonline.cl\/10881-medium_default\/lubricante-cadena-ipone-x-trem-chain-off-road-750-ml.jpg&quot;,&quot;width&quot;:452,&quot;height&quot;:452},&quot;thickbox_default&quot;:{&quot;url&quot;:&quot;https:\/\/www.garageonline.cl\/10881-thickbox_default\/lubricante-cadena-ipone-x-trem-chain-off-road-750-ml.jpg&quot;,&quot;width&quot;:1100,&quot;height&quot;:1100}},&quot;small&quot;:{&quot;url&quot;:&quot;https:\/\/www.garageonline.cl\/10881-small_default\/lubricante-cadena-ipone-x-trem-chain-off-road-750-ml.jpg&quot;,&quot;width&quot;:98,&quot;height&quot;:98},&quot;medium&quot;:{&quot;url&quot;:&quot;https:\/\/www.garageonline.cl\/10881-large_default\/lubricante-cadena-ipone-x-trem-chain-off-road-750-ml.jpg&quot;,&quot;width&quot;:381,&quot;height&quot;:381},&quot;large&quot;:{&quot;url&quot;:&quot;https:\/\/www.garageonline.cl\/10881-thickbox_default\/lubricante-cadena-ipone-x-trem-chain-off-road-750-ml.jpg&quot;,&quot;width&quot;:1100,&quot;height&quot;:1100},&quot;legend&quot;:&quot;&quot;,&quot;cover&quot;:null,&quot;id_image&quot;:&quot;10881&quot;,&quot;position&quot;:&quot;2&quot;,&quot;associatedVariants&quot;:[]},{&quot;bySize&quot;:{&quot;small_default&quot;:{&quot;url&quot;:&quot;https:\/\/www.garageonline.cl\/10882-small_default\/lubricante-cadena-ipone-x-trem-chain-off-road-750-ml.jpg&quot;,&quot;width&quot;:98,&quot;height&quot;:98},&quot;cart_default&quot;:{&quot;url&quot;:&quot;https:\/\/www.garageonline.cl\/10882-cart_default\/lubricante-cadena-ipone-x-trem-chain-off-road-750-ml.jpg&quot;,&quot;width&quot;:125,&quot;height&quot;:125},&quot;home_default&quot;:{&quot;url&quot;:&quot;https:\/\/www.garageonline.cl\/10882-home_default\/lubricante-cadena-ipone-x-trem-chain-off-road-750-ml.jpg&quot;,&quot;width&quot;:236,&quot;height&quot;:236},&quot;large_default&quot;:{&quot;url&quot;:&quot;https:\/\/www.garageonline.cl\/10882-large_default\/lubricante-cadena-ipone-x-trem-chain-off-road-750-ml.jpg&quot;,&quot;width&quot;:381,&quot;height&quot;:381},&quot;medium_default&quot;:{&quot;url&quot;:&quot;https:\/\/www.garageonline.cl\/10882-medium_default\/lubricante-cadena-ipone-x-trem-chain-off-road-750-ml.jpg&quot;,&quot;width&quot;:452,&quot;height&quot;:452},&quot;thickbox_default&quot;:{&quot;url&quot;:&quot;https:\/\/www.garageonline.cl\/10882-thickbox_default\/lubricante-cadena-ipone-x-trem-chain-off-road-750-ml.jpg&quot;,&quot;width&quot;:1100,&quot;height&quot;:1100}},&quot;small&quot;:{&quot;url&quot;:&quot;https:\/\/www.garageonline.cl\/10882-small_default\/lubricante-cadena-ipone-x-trem-chain-off-road-750-ml.jpg&quot;,&quot;width&quot;:98,&quot;height&quot;:98},&quot;medium&quot;:{&quot;url&quot;:&quot;https:\/\/www.garageonline.cl\/10882-large_default\/lubricante-cadena-ipone-x-trem-chain-off-road-750-ml.jpg&quot;,&quot;width&quot;:381,&quot;height&quot;:381},&quot;large&quot;:{&quot;url&quot;:&quot;https:\/\/www.garageonline.cl\/10882-thickbox_default\/lubricante-cadena-ipone-x-trem-chain-off-road-750-ml.jpg&quot;,&quot;width&quot;:1100,&quot;height&quot;:1100},&quot;legend&quot;:&quot;&quot;,&quot;cover&quot;:null,&quot;id_image&quot;:&quot;10882&quot;,&quot;position&quot;:&quot;3&quot;,&quot;associatedVariants&quot;:[]},{&quot;bySize&quot;:{&quot;small_default&quot;:{&quot;url&quot;:&quot;https:\/\/www.garageonline.cl\/10883-small_default\/lubricante-cadena-ipone-x-trem-chain-off-road-750-ml.jpg&quot;,&quot;width&quot;:98,&quot;height&quot;:98},&quot;cart_default&quot;:{&quot;url&quot;:&quot;https:\/\/www.garageonline.cl\/10883-cart_default\/lubricante-cadena-ipone-x-trem-chain-off-road-750-ml.jpg&quot;,&quot;width&quot;:125,&quot;height&quot;:125},&quot;home_default&quot;:{&quot;url&quot;:&quot;https:\/\/www.garageonline.cl\/10883-home_default\/lubricante-cadena-ipone-x-trem-chain-off-road-750-ml.jpg&quot;,&quot;width&quot;:236,&quot;height&quot;:236},&quot;large_default&quot;:{&quot;url&quot;:&quot;https:\/\/www.garageonline.cl\/10883-large_default\/lubricante-cadena-ipone-x-trem-chain-off-road-750-ml.jpg&quot;,&quot;width&quot;:381,&quot;height&quot;:381},&quot;medium_default&quot;:{&quot;url&quot;:&quot;https:\/\/www.garageonline.cl\/10883-medium_default\/lubricante-cadena-ipone-x-trem-chain-off-road-750-ml.jpg&quot;,&quot;width&quot;:452,&quot;height&quot;:452},&quot;thickbox_default&quot;:{&quot;url&quot;:&quot;https:\/\/www.garageonline.cl\/10883-thickbox_default\/lubricante-cadena-ipone-x-trem-chain-off-road-750-ml.jpg&quot;,&quot;width&quot;:1100,&quot;height&quot;:1100}},&quot;small&quot;:{&quot;url&quot;:&quot;https:\/\/www.garageonline.cl\/10883-small_default\/lubricante-cadena-ipone-x-trem-chain-off-road-750-ml.jpg&quot;,&quot;width&quot;:98,&quot;height&quot;:98},&quot;medium&quot;:{&quot;url&quot;:&quot;https:\/\/www.garageonline.cl\/10883-large_default\/lubricante-cadena-ipone-x-trem-chain-off-road-750-ml.jpg&quot;,&quot;width&quot;:381,&quot;height&quot;:381},&quot;large&quot;:{&quot;url&quot;:&quot;https:\/\/www.garageonline.cl\/10883-thickbox_default\/lubricante-cadena-ipone-x-trem-chain-off-road-750-ml.jpg&quot;,&quot;width&quot;:1100,&quot;height&quot;:1100},&quot;legend&quot;:&quot;&quot;,&quot;cover&quot;:null,&quot;id_image&quot;:&quot;10883&quot;,&quot;position&quot;:&quot;4&quot;,&quot;associatedVariants&quot;:[]},{&quot;bySize&quot;:{&quot;small_default&quot;:{&quot;url&quot;:&quot;https:\/\/www.garageonline.cl\/10884-small_default\/lubricante-cadena-ipone-x-trem-chain-off-road-750-ml.jpg&quot;,&quot;width&quot;:98,&quot;height&quot;:98},&quot;cart_default&quot;:{&quot;url&quot;:&quot;https:\/\/www.garageonline.cl\/10884-cart_default\/lubricante-cadena-ipone-x-trem-chain-off-road-750-ml.jpg&quot;,&quot;width&quot;:125,&quot;height&quot;:125},&quot;home_default&quot;:{&quot;url&quot;:&quot;https:\/\/www.garageonline.cl\/10884-home_default\/lubricante-cadena-ipone-x-trem-chain-off-road-750-ml.jpg&quot;,&quot;width&quot;:236,&quot;height&quot;:236},&quot;large_default&quot;:{&quot;url&quot;:&quot;https:\/\/www.garageonline.cl\/10884-large_default\/lubricante-cadena-ipone-x-trem-chain-off-road-750-ml.jpg&quot;,&quot;width&quot;:381,&quot;height&quot;:381},&quot;medium_default&quot;:{&quot;url&quot;:&quot;https:\/\/www.garageonline.cl\/10884-medium_default\/lubricante-cadena-ipone-x-trem-chain-off-road-750-ml.jpg&quot;,&quot;width&quot;:452,&quot;height&quot;:452},&quot;thickbox_default&quot;:{&quot;url&quot;:&quot;https:\/\/www.garageonline.cl\/10884-thickbox_default\/lubricante-cadena-ipone-x-trem-chain-off-road-750-ml.jpg&quot;,&quot;width&quot;:1100,&quot;height&quot;:1100}},&quot;small&quot;:{&quot;url&quot;:&quot;https:\/\/www.garageonline.cl\/10884-small_default\/lubricante-cadena-ipone-x-trem-chain-off-road-750-ml.jpg&quot;,&quot;width&quot;:98,&quot;height&quot;:98},&quot;medium&quot;:{&quot;url&quot;:&quot;https:\/\/www.garageonline.cl\/10884-large_default\/lubricante-cadena-ipone-x-trem-chain-off-road-750-ml.jpg&quot;,&quot;width&quot;:381,&quot;height&quot;:381},&quot;large&quot;:{&quot;url&quot;:&quot;https:\/\/www.garageonline.cl\/10884-thickbox_default\/lubricante-cadena-ipone-x-trem-chain-off-road-750-ml.jpg&quot;,&quot;width&quot;:1100,&quot;height&quot;:1100},&quot;legend&quot;:&quot;&quot;,&quot;cover&quot;:null,&quot;id_image&quot;:&quot;10884&quot;,&quot;position&quot;:&quot;5&quot;,&quot;associatedVariants&quot;:[]},{&quot;bySize&quot;:{&quot;small_default&quot;:{&quot;url&quot;:&quot;https:\/\/www.garageonline.cl\/10886-small_default\/lubricante-cadena-ipone-x-trem-chain-off-road-750-ml.jpg&quot;,&quot;width&quot;:98,&quot;height&quot;:98},&quot;cart_default&quot;:{&quot;url&quot;:&quot;https:\/\/www.garageonline.cl\/10886-cart_default\/lubricante-cadena-ipone-x-trem-chain-off-road-750-ml.jpg&quot;,&quot;width&quot;:125,&quot;height&quot;:125},&quot;home_default&quot;:{&quot;url&quot;:&quot;https:\/\/www.garageonline.cl\/10886-home_default\/lubricante-cadena-ipone-x-trem-chain-off-road-750-ml.jpg&quot;,&quot;width&quot;:236,&quot;height&quot;:236},&quot;large_default&quot;:{&quot;url&quot;:&quot;https:\/\/www.garageonline.cl\/10886-large_default\/lubricante-cadena-ipone-x-trem-chain-off-road-750-ml.jpg&quot;,&quot;width&quot;:381,&quot;height&quot;:381},&quot;medium_default&quot;:{&quot;url&quot;:&quot;https:\/\/www.garageonline.cl\/10886-medium_default\/lubricante-cadena-ipone-x-trem-chain-off-road-750-ml.jpg&quot;,&quot;width&quot;:452,&quot;height&quot;:452},&quot;thickbox_default&quot;:{&quot;url&quot;:&quot;https:\/\/www.garageonline.cl\/10886-thickbox_default\/lubricante-cadena-ipone-x-trem-chain-off-road-750-ml.jpg&quot;,&quot;width&quot;:1100,&quot;height&quot;:1100}},&quot;small&quot;:{&quot;url&quot;:&quot;https:\/\/www.garageonline.cl\/10886-small_default\/lubricante-cadena-ipone-x-trem-chain-off-road-750-ml.jpg&quot;,&quot;width&quot;:98,&quot;height&quot;:98},&quot;medium&quot;:{&quot;url&quot;:&quot;https:\/\/www.garageonline.cl\/10886-large_default\/lubricante-cadena-ipone-x-trem-chain-off-road-750-ml.jpg&quot;,&quot;width&quot;:381,&quot;height&quot;:381},&quot;large&quot;:{&quot;url&quot;:&quot;https:\/\/www.garageonline.cl\/10886-thickbox_default\/lubricante-cadena-ipone-x-trem-chain-off-road-750-ml.jpg&quot;,&quot;width&quot;:1100,&quot;height&quot;:1100},&quot;legend&quot;:&quot;&quot;,&quot;cover&quot;:null,&quot;id_image&quot;:&quot;10886&quot;,&quot;position&quot;:&quot;6&quot;,&quot;associatedVariants&quot;:[]}],&quot;cover&quot;:{&quot;bySize&quot;:{&quot;small_default&quot;:{&quot;url&quot;:&quot;https:\/\/www.garageonline.cl\/10880-small_default\/lubricante-cadena-ipone-x-trem-chain-off-road-750-ml.jpg&quot;,&quot;width&quot;:98,&quot;height&quot;:98},&quot;cart_default&quot;:{&quot;url&quot;:&quot;https:\/\/www.garageonline.cl\/10880-cart_default\/lubricante-cadena-ipone-x-trem-chain-off-road-750-ml.jpg&quot;,&quot;width&quot;:125,&quot;height&quot;:125},&quot;home_default&quot;:{&quot;url&quot;:&quot;https:\/\/www.garageonline.cl\/10880-home_default\/lubricante-cadena-ipone-x-trem-chain-off-road-750-ml.jpg&quot;,&quot;width&quot;:236,&quot;height&quot;:236},&quot;large_default&quot;:{&quot;url&quot;:&quot;https:\/\/www.garageonline.cl\/10880-large_default\/lubricante-cadena-ipone-x-trem-chain-off-road-750-ml.jpg&quot;,&quot;width&quot;:381,&quot;height&quot;:381},&quot;medium_default&quot;:{&quot;url&quot;:&quot;https:\/\/www.garageonline.cl\/10880-medium_default\/lubricante-cadena-ipone-x-trem-chain-off-road-750-ml.jpg&quot;,&quot;width&quot;:452,&quot;height&quot;:452},&quot;thickbox_default&quot;:{&quot;url&quot;:&quot;https:\/\/www.garageonline.cl\/10880-thickbox_default\/lubricante-cadena-ipone-x-trem-chain-off-road-750-ml.jpg&quot;,&quot;width&quot;:1100,&quot;height&quot;:1100}},&quot;small&quot;:{&quot;url&quot;:&quot;https:\/\/www.garageonline.cl\/10880-small_default\/lubricante-cadena-ipone-x-trem-chain-off-road-750-ml.jpg&quot;,&quot;width&quot;:98,&quot;height&quot;:98},&quot;medium&quot;:{&quot;url&quot;:&quot;https:\/\/www.garageonline.cl\/10880-large_default\/lubricante-cadena-ipone-x-trem-chain-off-road-750-ml.jpg&quot;,&quot;width&quot;:381,&quot;height&quot;:381},&quot;large&quot;:{&quot;url&quot;:&quot;https:\/\/www.garageonline.cl\/10880-thickbox_default\/lubricante-cadena-ipone-x-trem-chain-off-road-750-ml.jpg&quot;,&quot;width&quot;:1100,&quot;height&quot;:1100},&quot;legend&quot;:&quot;&quot;,&quot;cover&quot;:&quot;1&quot;,&quot;id_image&quot;:&quot;10880&quot;,&quot;position&quot;:&quot;1&quot;,&quot;associatedVariants&quot;:[]},&quot;has_discount&quot;:false,&quot;discount_type&quot;:null,&quot;discount_percentage&quot;:null,&quot;discount_percentage_absolute&quot;:null,&quot;discount_amount&quot;:null,&quot;discount_amount_to_display&quot;:null,&quot;price_amount&quot;:22790,&quot;unit_price_full&quot;:&quot;&quot;,&quot;show_availability&quot;:true,&quot;availability_date&quot;:null,&quot;availability_message&quot;:&quot;u00daltimas unidades en stock&quot;,&quot;availability&quot;:&quot;last_remaining_items&quot;}\">\n<section class=\"product-features\">\n<dl class=\"data-sheet\">\n<dt class=\"name\"><\/dt>\n<dd class=\"value\"><\/dd>\n<dt class=\"name\"><\/dt>\n<dd class=\"value\"><\/dd>\n<dt class=\"name\"><\/dt>\n<dd class=\"value\"><\/dd>\n<dt class=\"name\"><\/dt>\n<dd class=\"value\"><\/dd>\n<dt class=\"name\"><\/dt>\n<dd class=\"value\"><\/dd>\n<dt class=\"name\"><\/dt>\n<dd class=\"value\"><\/dd>\n<dt class=\"name\"><\/dt>\n<dd class=\"value\"><\/dd>\n<\/dl>\n<\/section>\n<div class=\"product-reference\"><\/div>\n<div class=\"product-quantities\"><\/div>\n<div class=\"product-out-of-stock\"><\/div>\n<\/div>\n<\/div>\n<\/div>\n<\/div>\n<div id=\"product-infos-accordion-mobile\" class=\"iqit-accordion\" role=\"tablist\" aria-multiselectable=\"true\"><\/div>\n<\/div>\n<section class=\"product-accessories block block-section\"><\/section>\n","protected":false},"excerpt":{"rendered":"<p>IPONE<\/p>","protected":false},"featured_media":0,"comment_status":"open","ping_status":"closed","template":"","meta":{"_acf_changed":false},"product_brand":[],"product_cat":[394,381],"product_tag":[],"class_list":{"0":"post-5192","1":"product","2":"type-product","3":"status-publish","5":"product_cat-aceites-lubricantes","6":"product_cat-aceites-de-motor","8":"first","9":"instock","10":"taxable","11":"shipping-taxable","12":"purchasable","13":"product-type-simple"},"acf":[],"_links":{"self":[{"href":"https:\/\/brammotors.cl\/es\/wp-json\/wp\/v2\/product\/5192","targetHints":{"allow":["GET"]}}],"collection":[{"href":"https:\/\/brammotors.cl\/es\/wp-json\/wp\/v2\/product"}],"about":[{"href":"https:\/\/brammotors.cl\/es\/wp-json\/wp\/v2\/types\/product"}],"replies":[{"embeddable":true,"href":"https:\/\/brammotors.cl\/es\/wp-json\/wp\/v2\/comments?post=5192"}],"wp:attachment":[{"href":"https:\/\/brammotors.cl\/es\/wp-json\/wp\/v2\/media?parent=5192"}],"wp:term":[{"taxonomy":"product_brand","embeddable":true,"href":"https:\/\/brammotors.cl\/es\/wp-json\/wp\/v2\/product_brand?post=5192"},{"taxonomy":"product_cat","embeddable":true,"href":"https:\/\/brammotors.cl\/es\/wp-json\/wp\/v2\/product_cat?post=5192"},{"taxonomy":"product_tag","embeddable":true,"href":"https:\/\/brammotors.cl\/es\/wp-json\/wp\/v2\/product_tag?post=5192"}],"curies":[{"name":"wp","href":"https:\/\/api.w.org\/{rel}","templated":true}]}}